{"id":2023,"date":"2024-10-08T13:33:08","date_gmt":"2024-10-08T13:33:08","guid":{"rendered":"https:\/\/brokerseguros.com.co\/site\/?page_id=2023"},"modified":"2025-06-18T19:13:55","modified_gmt":"2025-06-18T19:13:55","slug":"expertos-en-polizas-de-cumplimiento-en-colombia","status":"publish","type":"page","link":"https:\/\/brokerseguros.com.co\/site\/expertos-en-polizas-de-cumplimiento-en-colombia\/","title":{"rendered":"Somos Expertos en P\u00f3lizas de Cumplimiento en Colombia"},"content":{"rendered":"\t\t<div data-elementor-type=\"wp-page\" data-elementor-id=\"2023\" class=\"elementor elementor-2023\">\n\t\t\t\t<div class=\"elementor-element elementor-element-aeece77 e-flex e-con-boxed e-con e-parent\" data-id=\"aeece77\" data-element_type=\"container\" data-settings=\"{&quot;background_background&quot;:&quot;slideshow&quot;,&quot;background_slideshow_gallery&quot;:[{&quot;id&quot;:3429,&quot;url&quot;:&quot;https:\\\/\\\/brokerseguros.com.co\\\/site\\\/wp-content\\\/uploads\\\/2025\\\/06\\\/nosotros-2025-03-1.webp&quot;}],&quot;background_slideshow_loop&quot;:&quot;yes&quot;,&quot;background_slideshow_slide_duration&quot;:5000,&quot;background_slideshow_slide_transition&quot;:&quot;fade&quot;,&quot;background_slideshow_transition_duration&quot;:500}\">\n\t\t\t\t\t<div class=\"e-con-inner\">\n\t\t\t\t\t<\/div>\n\t\t\t\t<\/div>\n\t\t<div class=\"elementor-element elementor-element-c1f33a4 e-flex e-con-boxed elementor-invisible e-con e-parent\" data-id=\"c1f33a4\" data-element_type=\"container\" data-settings=\"{&quot;animation&quot;:&quot;fadeIn&quot;}\">\n\t\t\t\t\t<div class=\"e-con-inner\">\n\t\t\t\t<div class=\"elementor-element elementor-element-22b952f elementor-widget elementor-widget-text-editor\" data-id=\"22b952f\" data-element_type=\"widget\" data-widget_type=\"text-editor.default\">\n\t\t\t\t<div class=\"elementor-widget-container\">\n\t\t\t\t\t\t\t\t\t<p>Por m\u00e1s de 40 a\u00f1os, Hemos sido los primeros en fianzas y cumplimiento del pa\u00eds, ofreciendo soluciones en p\u00f3lizas de cumplimiento adaptadas a las necesidades espec\u00edficas de grandes empresas.<\/p>\t\t\t\t\t\t\t\t<\/div>\n\t\t\t\t<\/div>\n\t\t\t\t\t<\/div>\n\t\t\t\t<\/div>\n\t\t<div class=\"elementor-element elementor-element-e90dddb e-flex e-con-boxed e-con e-parent\" data-id=\"e90dddb\" data-element_type=\"container\" data-settings=\"{&quot;background_background&quot;:&quot;gradient&quot;}\">\n\t\t\t\t\t<div class=\"e-con-inner\">\n\t\t\t\t<div class=\"elementor-element elementor-element-6177651 elementor-widget elementor-widget-heading\" data-id=\"6177651\" data-element_type=\"widget\" data-widget_type=\"heading.default\">\n\t\t\t\t<div class=\"elementor-widget-container\">\n\t\t\t\t\t<h2 class=\"elementor-heading-title elementor-size-default\">Nuestra experiencia<\/h2>\t\t\t\t<\/div>\n\t\t\t\t<\/div>\n\t\t\t\t\t<\/div>\n\t\t\t\t<\/div>\n\t\t<div class=\"elementor-element elementor-element-e72a451 e-flex e-con-boxed e-con e-parent\" data-id=\"e72a451\" data-element_type=\"container\" data-settings=\"{&quot;background_background&quot;:&quot;classic&quot;}\">\n\t\t\t\t\t<div class=\"e-con-inner\">\n\t\t<div class=\"elementor-element elementor-element-6840cd4 e-con-full e-flex e-con e-child\" data-id=\"6840cd4\" data-element_type=\"container\">\n\t\t\t\t<div class=\"elementor-element elementor-element-47b2c46 elementor-widget elementor-widget-image\" data-id=\"47b2c46\" data-element_type=\"widget\" data-widget_type=\"image.default\">\n\t\t\t\t<div class=\"elementor-widget-container\">\n\t\t\t\t\t\t\t\t\t\t\t\t\t\t\t\t<a href=\"https:\/\/brokerseguros.com.co\/site\/wp-content\/uploads\/2024\/10\/350-MIL-POLIZAS-02-1-scaled.jpg\" data-elementor-open-lightbox=\"yes\" data-elementor-lightbox-title=\"350 MIL POLIZAS-02\" data-e-action-hash=\"#elementor-action%3Aaction%3Dlightbox%26settings%3DeyJpZCI6MjAyNywidXJsIjoiaHR0cHM6XC9cL2Jyb2tlcnNlZ3Vyb3MuY29tLmNvXC9zaXRlXC93cC1jb250ZW50XC91cGxvYWRzXC8yMDI0XC8xMFwvMzUwLU1JTC1QT0xJWkFTLTAyLTEtc2NhbGVkLmpwZyJ9\">\n\t\t\t\t\t\t\t<img fetchpriority=\"high\" decoding=\"async\" width=\"2048\" height=\"1026\" src=\"https:\/\/brokerseguros.com.co\/site\/wp-content\/uploads\/2024\/10\/350-MIL-POLIZAS-02-1-2048x1026.jpg\" class=\"attachment-2048x2048 size-2048x2048 wp-image-2027\" alt=\"\" srcset=\"https:\/\/brokerseguros.com.co\/site\/wp-content\/uploads\/2024\/10\/350-MIL-POLIZAS-02-1-2048x1026.jpg 2048w, https:\/\/brokerseguros.com.co\/site\/wp-content\/uploads\/2024\/10\/350-MIL-POLIZAS-02-1-300x150.jpg 300w, https:\/\/brokerseguros.com.co\/site\/wp-content\/uploads\/2024\/10\/350-MIL-POLIZAS-02-1-1024x513.jpg 1024w, https:\/\/brokerseguros.com.co\/site\/wp-content\/uploads\/2024\/10\/350-MIL-POLIZAS-02-1-768x385.jpg 768w, https:\/\/brokerseguros.com.co\/site\/wp-content\/uploads\/2024\/10\/350-MIL-POLIZAS-02-1-1536x770.jpg 1536w, https:\/\/brokerseguros.com.co\/site\/wp-content\/uploads\/2024\/10\/350-MIL-POLIZAS-02-1-720x360.jpg 720w\" sizes=\"(max-width: 2048px) 100vw, 2048px\" \/>\t\t\t\t\t\t\t\t<\/a>\n\t\t\t\t\t\t\t\t\t\t\t\t\t\t\t<\/div>\n\t\t\t\t<\/div>\n\t\t\t\t<\/div>\n\t\t\t\t\t<\/div>\n\t\t\t\t<\/div>\n\t\t<div class=\"elementor-element elementor-element-474a1b3 e-flex e-con-boxed e-con e-parent\" data-id=\"474a1b3\" data-element_type=\"container\" data-settings=\"{&quot;background_background&quot;:&quot;gradient&quot;}\">\n\t\t\t\t\t<div class=\"e-con-inner\">\n\t\t\t\t<div class=\"elementor-element elementor-element-e393883 elementor-widget elementor-widget-heading\" data-id=\"e393883\" data-element_type=\"widget\" data-widget_type=\"heading.default\">\n\t\t\t\t<div class=\"elementor-widget-container\">\n\t\t\t\t\t<h2 class=\"elementor-heading-title elementor-size-default\">Contamos con el respaldo de las mejores aseguradoras<\/h2>\t\t\t\t<\/div>\n\t\t\t\t<\/div>\n\t\t\t\t\t<\/div>\n\t\t\t\t<\/div>\n\t\t\t\t<section class=\"elementor-section elementor-top-section elementor-element elementor-element-95b7c46 elementor-section-boxed elementor-section-height-default elementor-section-height-default\" data-id=\"95b7c46\" data-element_type=\"section\" data-settings=\"{&quot;shape_divider_top&quot;:&quot;triangle&quot;}\">\n\t\t\t\t\t<div class=\"elementor-shape elementor-shape-top\" aria-hidden=\"true\" data-negative=\"false\">\n\t\t\t<svg xmlns=\"http:\/\/www.w3.org\/2000\/svg\" viewBox=\"0 0 1000 100\" preserveAspectRatio=\"none\">\n\t<path class=\"elementor-shape-fill\" d=\"M500,98.9L0,6.1V0h1000v6.1L500,98.9z\"\/>\n<\/svg>\t\t<\/div>\n\t\t\t\t\t<div class=\"elementor-container elementor-column-gap-default\">\n\t\t\t\t\t<div class=\"elementor-column elementor-col-100 elementor-top-column elementor-element elementor-element-f5ca51e\" data-id=\"f5ca51e\" data-element_type=\"column\">\n\t\t\t<div class=\"elementor-widget-wrap elementor-element-populated\">\n\t\t\t\t\t\t<div class=\"elementor-element elementor-element-48a3f41 elementor-widget elementor-widget-text-editor\" data-id=\"48a3f41\" data-element_type=\"widget\" data-widget_type=\"text-editor.default\">\n\t\t\t\t<div class=\"elementor-widget-container\">\n\t\t\t\t\t\t\t\t\t<p>Apoyar y aportar permanentemente en la gesti\u00f3n institucional de los contratistas y proveedores en el pa\u00eds, para ello hemos participado activamente en la acci\u00f3n gremial de nuestro sector y de los sectores de los contratistas en organismos:<\/p>\t\t\t\t\t\t\t\t<\/div>\n\t\t\t\t<\/div>\n\t\t\t\t<div class=\"elementor-element elementor-element-7820d3e gallery-spacing-custom elementor-widget elementor-widget-image-gallery\" data-id=\"7820d3e\" data-element_type=\"widget\" data-widget_type=\"image-gallery.default\">\n\t\t\t\t<div class=\"elementor-widget-container\">\n\t\t\t\t\t\t\t<div class=\"elementor-image-gallery\">\n\t\t\t<div id='gallery-1' class='gallery galleryid-2023 gallery-columns-4 gallery-size-thumbnail'><figure class='gallery-item'>\n\t\t\t<div class='gallery-icon landscape'>\n\t\t\t\t<img decoding=\"async\" width=\"150\" height=\"150\" src=\"https:\/\/brokerseguros.com.co\/site\/wp-content\/uploads\/2023\/11\/descarga-1-e1729083742950-150x150.png\" class=\"attachment-thumbnail size-thumbnail\" alt=\"\" srcset=\"https:\/\/brokerseguros.com.co\/site\/wp-content\/uploads\/2023\/11\/descarga-1-e1729083742950-150x150.png 150w, https:\/\/brokerseguros.com.co\/site\/wp-content\/uploads\/2023\/11\/descarga-1-e1729083742950-100x100.png 100w, https:\/\/brokerseguros.com.co\/site\/wp-content\/uploads\/2023\/11\/descarga-1-e1729083742950.png 200w\" sizes=\"(max-width: 150px) 100vw, 150px\" \/>\n\t\t\t<\/div><\/figure><figure class='gallery-item'>\n\t\t\t<div class='gallery-icon landscape'>\n\t\t\t\t<img decoding=\"async\" width=\"150\" height=\"150\" src=\"https:\/\/brokerseguros.com.co\/site\/wp-content\/uploads\/2023\/11\/descarga-150x150.png\" class=\"attachment-thumbnail size-thumbnail\" alt=\"\" srcset=\"https:\/\/brokerseguros.com.co\/site\/wp-content\/uploads\/2023\/11\/descarga-150x150.png 150w, https:\/\/brokerseguros.com.co\/site\/wp-content\/uploads\/2023\/11\/descarga-100x100.png 100w, https:\/\/brokerseguros.com.co\/site\/wp-content\/uploads\/2023\/11\/descarga.png 225w\" sizes=\"(max-width: 150px) 100vw, 150px\" \/>\n\t\t\t<\/div><\/figure><figure class='gallery-item'>\n\t\t\t<div class='gallery-icon landscape'>\n\t\t\t\t<img loading=\"lazy\" decoding=\"async\" width=\"150\" height=\"150\" src=\"https:\/\/brokerseguros.com.co\/site\/wp-content\/uploads\/2023\/11\/1563455935119-150x150.jpg\" class=\"attachment-thumbnail size-thumbnail\" alt=\"\" srcset=\"https:\/\/brokerseguros.com.co\/site\/wp-content\/uploads\/2023\/11\/1563455935119-150x150.jpg 150w, https:\/\/brokerseguros.com.co\/site\/wp-content\/uploads\/2023\/11\/1563455935119-100x100.jpg 100w, https:\/\/brokerseguros.com.co\/site\/wp-content\/uploads\/2023\/11\/1563455935119.jpg 200w\" sizes=\"(max-width: 150px) 100vw, 150px\" \/>\n\t\t\t<\/div><\/figure><figure class='gallery-item'>\n\t\t\t<div class='gallery-icon landscape'>\n\t\t\t\t<img loading=\"lazy\" decoding=\"async\" width=\"150\" height=\"150\" src=\"https:\/\/brokerseguros.com.co\/site\/wp-content\/uploads\/2023\/11\/descarga-1-150x150.jpg\" class=\"attachment-thumbnail size-thumbnail\" alt=\"\" srcset=\"https:\/\/brokerseguros.com.co\/site\/wp-content\/uploads\/2023\/11\/descarga-1-150x150.jpg 150w, https:\/\/brokerseguros.com.co\/site\/wp-content\/uploads\/2023\/11\/descarga-1-100x100.jpg 100w, https:\/\/brokerseguros.com.co\/site\/wp-content\/uploads\/2023\/11\/descarga-1.jpg 225w\" sizes=\"(max-width: 150px) 100vw, 150px\" \/>\n\t\t\t<\/div><\/figure>\n\t\t<\/div>\n\t\t<\/div>\n\t\t\t\t\t\t<\/div>\n\t\t\t\t<\/div>\n\t\t<div class=\"elementor-element elementor-element-2a44f28 e-con-full e-flex e-con e-parent\" data-id=\"2a44f28\" data-element_type=\"container\">\n\t\t<div class=\"elementor-element elementor-element-6565abf e-con-full e-flex elementor-invisible e-con e-child\" data-id=\"6565abf\" data-element_type=\"container\" data-settings=\"{&quot;background_background&quot;:&quot;classic&quot;,&quot;animation&quot;:&quot;fadeIn&quot;}\">\n\t\t\t\t<div class=\"elementor-element elementor-element-da9efd2 elementor-widget elementor-widget-image\" data-id=\"da9efd2\" data-element_type=\"widget\" data-widget_type=\"image.default\">\n\t\t\t\t<div class=\"elementor-widget-container\">\n\t\t\t\t\t\t\t\t\t\t\t\t\t\t\t<img decoding=\"async\" src=\"https:\/\/brokerseguros.com.co\/site\/wp-content\/uploads\/elementor\/thumbs\/merito-1-qv9eftts5pyftw44unxe9djw01wh6j8vvwob4wngds.png\" title=\"merito 1\" alt=\"merito 1\" loading=\"lazy\" \/>\t\t\t\t\t\t\t\t\t\t\t\t\t\t\t<\/div>\n\t\t\t\t<\/div>\n\t\t\t\t<div class=\"elementor-element elementor-element-50ffe9d elementor-widget elementor-widget-text-editor\" data-id=\"50ffe9d\" data-element_type=\"widget\" data-widget_type=\"text-editor.default\">\n\t\t\t\t<div class=\"elementor-widget-container\">\n\t\t\t\t\t\t\t\t\t<p>Desde los a\u00f1os 80, l\u00edderes y primeros especialistas en fianzas y garant\u00edas de cumplimiento<\/p>\t\t\t\t\t\t\t\t<\/div>\n\t\t\t\t<\/div>\n\t\t\t\t<\/div>\n\t\t<div class=\"elementor-element elementor-element-499f3b8 e-con-full e-flex elementor-invisible e-con e-child\" data-id=\"499f3b8\" data-element_type=\"container\" data-settings=\"{&quot;background_background&quot;:&quot;classic&quot;,&quot;animation&quot;:&quot;fadeIn&quot;,&quot;animation_delay&quot;:40}\">\n\t\t\t\t<div class=\"elementor-element elementor-element-eea90de elementor-widget elementor-widget-image\" data-id=\"eea90de\" data-element_type=\"widget\" data-widget_type=\"image.default\">\n\t\t\t\t<div class=\"elementor-widget-container\">\n\t\t\t\t\t\t\t\t\t\t\t\t\t\t\t<img decoding=\"async\" src=\"https:\/\/brokerseguros.com.co\/site\/wp-content\/uploads\/elementor\/thumbs\/merito-2-qv9efvpgje10h41ejoqned2t6tn7lxgck5za3gko1c.png\" title=\"merito 2\" alt=\"merito 2\" loading=\"lazy\" \/>\t\t\t\t\t\t\t\t\t\t\t\t\t\t\t<\/div>\n\t\t\t\t<\/div>\n\t\t\t\t<div class=\"elementor-element elementor-element-22778f0 elementor-widget elementor-widget-text-editor\" data-id=\"22778f0\" data-element_type=\"widget\" data-widget_type=\"text-editor.default\">\n\t\t\t\t<div class=\"elementor-widget-container\">\n\t\t\t\t\t\t\t\t\t<p>Reconocimiento al mejor empresario Pyme del a\u00f1o otorgado por la Presidencia de la Rep\u00fablica de Colombia<\/p>\t\t\t\t\t\t\t\t<\/div>\n\t\t\t\t<\/div>\n\t\t\t\t<\/div>\n\t\t<div class=\"elementor-element elementor-element-c9fe0c0 e-con-full e-flex elementor-invisible e-con e-child\" data-id=\"c9fe0c0\" data-element_type=\"container\" data-settings=\"{&quot;background_background&quot;:&quot;classic&quot;,&quot;animation&quot;:&quot;fadeIn&quot;,&quot;animation_delay&quot;:80}\">\n\t\t\t\t<div class=\"elementor-element elementor-element-bdb408a elementor-widget elementor-widget-image\" data-id=\"bdb408a\" data-element_type=\"widget\" data-widget_type=\"image.default\">\n\t\t\t\t<div class=\"elementor-widget-container\">\n\t\t\t\t\t\t\t\t\t\t\t\t\t\t\t<img decoding=\"async\" src=\"https:\/\/brokerseguros.com.co\/site\/wp-content\/uploads\/elementor\/thumbs\/merito-3-qv9efwnaq82asq01e759yuu9s7iktmk2wamrkqj9v4.png\" title=\"merito 3\" alt=\"merito 3\" loading=\"lazy\" \/>\t\t\t\t\t\t\t\t\t\t\t\t\t\t\t<\/div>\n\t\t\t\t<\/div>\n\t\t\t\t<div class=\"elementor-element elementor-element-48e7027 elementor-widget elementor-widget-text-editor\" data-id=\"48e7027\" data-element_type=\"widget\" data-widget_type=\"text-editor.default\">\n\t\t\t\t<div class=\"elementor-widget-container\">\n\t\t\t\t\t\t\t\t\t<p>Reconocimiento al M\u00e9rito Empresarial Ministerio de Desarrollo<\/p>\t\t\t\t\t\t\t\t<\/div>\n\t\t\t\t<\/div>\n\t\t\t\t<\/div>\n\t\t\t\t<\/div>\n\t\t\t\t\t<\/div>\n\t\t<\/div>\n\t\t\t\t\t<\/div>\n\t\t<\/section>\n\t\t<div class=\"elementor-element elementor-element-b43fb95 e-flex e-con-boxed e-con e-parent\" data-id=\"b43fb95\" data-element_type=\"container\" data-settings=\"{&quot;background_background&quot;:&quot;classic&quot;}\">\n\t\t\t\t\t<div class=\"e-con-inner\">\n\t\t<div class=\"elementor-element elementor-element-15f09f6 e-flex e-con-boxed e-con e-child\" data-id=\"15f09f6\" data-element_type=\"container\" data-settings=\"{&quot;background_background&quot;:&quot;classic&quot;}\">\n\t\t\t\t\t<div class=\"e-con-inner\">\n\t\t\t\t<div class=\"elementor-element elementor-element-ebf2829 elementor-invisible elementor-widget elementor-widget-image\" data-id=\"ebf2829\" data-element_type=\"widget\" data-settings=\"{&quot;_animation&quot;:&quot;zoomIn&quot;,&quot;_animation_delay&quot;:1}\" data-widget_type=\"image.default\">\n\t\t\t\t<div class=\"elementor-widget-container\">\n\t\t\t\t\t\t\t\t\t\t\t\t\t\t\t\t<a href=\"https:\/\/www.facebook.com\/profile.php?id=100082827447489&#038;locale=es_LA\">\n\t\t\t\t\t\t\t<img decoding=\"async\" src=\"https:\/\/brokerseguros.com.co\/site\/wp-content\/uploads\/elementor\/thumbs\/FB-03-quvcjqlplg0e26pv70oqphw4ncccok32bv9wpia47k.png\" title=\"Facebook Broker Seguros\" alt=\"Facebook Broker Seguros\" loading=\"lazy\" \/>\t\t\t\t\t\t\t\t<\/a>\n\t\t\t\t\t\t\t\t\t\t\t\t\t\t\t<\/div>\n\t\t\t\t<\/div>\n\t\t\t\t<div class=\"elementor-element elementor-element-943626d elementor-invisible elementor-widget elementor-widget-image\" data-id=\"943626d\" data-element_type=\"widget\" data-settings=\"{&quot;_animation&quot;:&quot;zoomIn&quot;,&quot;_animation_delay&quot;:1}\" data-widget_type=\"image.default\">\n\t\t\t\t<div class=\"elementor-widget-container\">\n\t\t\t\t\t\t\t\t\t\t\t\t\t\t\t\t<a href=\"https:\/\/www.instagram.com\/brokersegurosyfianzas\/\">\n\t\t\t\t\t\t\t<img decoding=\"async\" src=\"https:\/\/brokerseguros.com.co\/site\/wp-content\/uploads\/elementor\/thumbs\/IG_Mesa-de-trabajo-1-quvcjud2cs5jcmkel2b8zgxz0vttjchzodvumm4jio.png\" title=\"Broker Seguros y Fianzas Instagram\" alt=\"Broker Seguros y Fianzas Instagram\" loading=\"lazy\" \/>\t\t\t\t\t\t\t\t<\/a>\n\t\t\t\t\t\t\t\t\t\t\t\t\t\t\t<\/div>\n\t\t\t\t<\/div>\n\t\t\t\t<div class=\"elementor-element elementor-element-16a1ced elementor-invisible elementor-widget elementor-widget-image\" data-id=\"16a1ced\" data-element_type=\"widget\" data-settings=\"{&quot;_animation&quot;:&quot;zoomIn&quot;,&quot;_animation_delay&quot;:1}\" data-widget_type=\"image.default\">\n\t\t\t\t<div class=\"elementor-widget-container\">\n\t\t\t\t\t\t\t\t\t\t\t\t\t\t\t\t<a href=\"https:\/\/www.linkedin.com\/company\/broker-seguros-y-fianzas\/\">\n\t\t\t\t\t\t\t<img decoding=\"async\" src=\"https:\/\/brokerseguros.com.co\/site\/wp-content\/uploads\/elementor\/thumbs\/IN-02-quvcjz29aybyyodktmcdtxr9zt6nlu0nd15a0zxknk.png\" title=\"Broker Seguros y Fianzas Linked In\" alt=\"Broker Seguros y Fianzas Linked In\" loading=\"lazy\" \/>\t\t\t\t\t\t\t\t<\/a>\n\t\t\t\t\t\t\t\t\t\t\t\t\t\t\t<\/div>\n\t\t\t\t<\/div>\n\t\t\t\t\t<\/div>\n\t\t\t\t<\/div>\n\t\t\t\t\t<\/div>\n\t\t\t\t<\/div>\n\t\t<div class=\"elementor-element elementor-element-b88a732 e-flex e-con-boxed e-con e-parent\" data-id=\"b88a732\" data-element_type=\"container\" data-settings=\"{&quot;background_background&quot;:&quot;classic&quot;}\">\n\t\t\t\t\t<div class=\"e-con-inner\">\n\t\t\t\t<div class=\"elementor-element elementor-element-6d73bd8 elementor-widget elementor-widget-menu-anchor\" data-id=\"6d73bd8\" data-element_type=\"widget\" data-widget_type=\"menu-anchor.default\">\n\t\t\t\t<div class=\"elementor-widget-container\">\n\t\t\t\t\t\t\t<div class=\"elementor-menu-anchor\" id=\"contacto\"><\/div>\n\t\t\t\t\t\t<\/div>\n\t\t\t\t<\/div>\n\t\t<div class=\"elementor-element elementor-element-d65ca40 e-flex e-con-boxed e-con e-child\" data-id=\"d65ca40\" data-element_type=\"container\" data-settings=\"{&quot;background_background&quot;:&quot;classic&quot;}\">\n\t\t\t\t\t<div class=\"e-con-inner\">\n\t\t<div class=\"elementor-element elementor-element-8a4f846 e-flex e-con-boxed e-con e-child\" data-id=\"8a4f846\" data-element_type=\"container\" data-settings=\"{&quot;background_background&quot;:&quot;classic&quot;}\">\n\t\t\t\t\t<div class=\"e-con-inner\">\n\t\t\t\t<div class=\"elementor-element elementor-element-eb196d6 elementor-widget elementor-widget-heading\" data-id=\"eb196d6\" data-element_type=\"widget\" data-widget_type=\"heading.default\">\n\t\t\t\t<div class=\"elementor-widget-container\">\n\t\t\t\t\t<h2 class=\"elementor-heading-title elementor-size-default\">Contacto<\/h2>\t\t\t\t<\/div>\n\t\t\t\t<\/div>\n\t\t\t\t\t<\/div>\n\t\t\t\t<\/div>\n\t\t\t\t<div class=\"elementor-element elementor-element-6622300 elementor-widget elementor-widget-text-editor\" data-id=\"6622300\" data-element_type=\"widget\" data-widget_type=\"text-editor.default\">\n\t\t\t\t<div class=\"elementor-widget-container\">\n\t\t\t\t\t\t\t\t\t<p style=\"text-align: center;\"><span class=\"OYPEnA font-feature-liga-off font-feature-clig-off font-feature-calt-off text-decoration-none text-strikethrough-none\">+57 315 5507182<\/span><\/p><p style=\"text-align: center;\"><span class=\"OYPEnA font-feature-liga-off font-feature-clig-off font-feature-calt-off text-decoration-none text-strikethrough-none\">marketing@brokerseguros.com.co<\/span><\/p><p style=\"text-align: center;\"><span class=\"OYPEnA font-feature-liga-off font-feature-clig-off font-feature-calt-off text-decoration-none text-strikethrough-none\">www.brokerseguros.com.co<\/span><\/p><p class=\"cvGsUA direction-ltr align-center para-style-body\" style=\"text-align: center;\"><span class=\"OYPEnA font-feature-liga-off font-feature-clig-off font-feature-calt-off text-decoration-none text-strikethrough-none\">Lunes a viernes<\/span><\/p><p class=\"cvGsUA direction-ltr align-center para-style-body\" style=\"text-align: center;\"><span class=\"OYPEnA font-feature-liga-off font-feature-clig-off font-feature-calt-off text-decoration-none text-strikethrough-none\">7:30 am &#8211; 5:30 pm<\/span><\/p>\t\t\t\t\t\t\t\t<\/div>\n\t\t\t\t<\/div>\n\t\t\t\t\t<\/div>\n\t\t\t\t<\/div>\n\t\t\t\t\t<\/div>\n\t\t\t\t<\/div>\n\t\t<div class=\"elementor-element elementor-element-7253295 e-flex e-con-boxed e-con e-parent\" data-id=\"7253295\" data-element_type=\"container\">\n\t\t\t\t\t<div class=\"e-con-inner\">\n\t\t\t\t<div class=\"elementor-element elementor-element-7e18a3e elementor-widget elementor-widget-html\" data-id=\"7e18a3e\" data-element_type=\"widget\" data-widget_type=\"html.default\">\n\t\t\t\t<div class=\"elementor-widget-container\">\n\t\t\t\t\t<style>.whatsapp-button {\n  position: fixed;\n  bottom: 20px;\n  right: 20px;\n  background-color: #25d366;\n  color: #fff;\n  border-radius: 50%;\n  width: 80px;\n  height: 80px;\n  display: flex;\n  justify-content: center;\n  align-items: center;\n  text-decoration: none;\n  box-shadow: 0px 2px 5px rgba(0, 0, 0, 0.3);\n  z-index: 999;\n}\n\n.fab {\n  font-size: 50px;\n}\n.textoWhatsapp{position: fixed;\n  bottom: 15px;\n  right:120px;\n  background-color: #25d366;\n  color: #fff;\n  \/*border-radius: 5%;*\/\n  border-start-end-radius:10px;\n  border-end-start-radius: 10px;\n  border-end-end-radius: 10px;\n  border-start-start-radius:10px;\n  width: 180px;\n  text-align: center;\n  height: 60px;\n  display: flex;\n  justify-items: center;\n  justify-content: center;\n  align-items: center;\n  text-decoration: none;\n  box-shadow: 0px 2px 5px rgba(0, 0, 0, 0.3);\n  z-index: 999;}\n<\/style>\n<a href=\"https:\/\/api.whatsapp.com\/send\/?phone=3155507182\" class=\"whatsapp-button\">\n    <i class=\"fab fa-whatsapp\"><\/i>\n<\/a>\n<p class=\"textoWhatsapp\">\n    \u00bfC\u00f3mo podemos ayudarte?\n<\/p>\t\t\t\t<\/div>\n\t\t\t\t<\/div>\n\t\t\t\t\t<\/div>\n\t\t\t\t<\/div>\n\t\t\t\t<\/div>\n\t\t","protected":false},"excerpt":{"rendered":"<p>Por m\u00e1s de 40 a\u00f1os, Hemos sido los primeros en fianzas y cumplimiento del pa\u00eds, ofreciendo soluciones en p\u00f3lizas de cumplimiento adaptadas a las necesidades espec\u00edficas de grandes empresas. Nuestra experiencia Contamos con el respaldo de las mejores aseguradoras Apoyar y aportar permanentemente en la gesti\u00f3n institucional de los contratistas y proveedores en el pa\u00eds, [&hellip;]<\/p>\n","protected":false},"author":1,"featured_media":0,"parent":0,"menu_order":0,"comment_status":"closed","ping_status":"closed","template":"elementor_header_footer","meta":{"om_disable_all_campaigns":false,"_eb_attr":"","_monsterinsights_skip_tracking":false,"_monsterinsights_sitenote_active":false,"_monsterinsights_sitenote_note":"","_monsterinsights_sitenote_category":0,"_uf_show_specific_survey":0,"_uf_disable_surveys":false,"footnotes":""},"class_list":["post-2023","page","type-page","status-publish","hentry"],"aioseo_notices":[],"_links":{"self":[{"href":"https:\/\/brokerseguros.com.co\/site\/wp-json\/wp\/v2\/pages\/2023","targetHints":{"allow":["GET"]}}],"collection":[{"href":"https:\/\/brokerseguros.com.co\/site\/wp-json\/wp\/v2\/pages"}],"about":[{"href":"https:\/\/brokerseguros.com.co\/site\/wp-json\/wp\/v2\/types\/page"}],"author":[{"embeddable":true,"href":"https:\/\/brokerseguros.com.co\/site\/wp-json\/wp\/v2\/users\/1"}],"replies":[{"embeddable":true,"href":"https:\/\/brokerseguros.com.co\/site\/wp-json\/wp\/v2\/comments?post=2023"}],"version-history":[{"count":120,"href":"https:\/\/brokerseguros.com.co\/site\/wp-json\/wp\/v2\/pages\/2023\/revisions"}],"predecessor-version":[{"id":3452,"href":"https:\/\/brokerseguros.com.co\/site\/wp-json\/wp\/v2\/pages\/2023\/revisions\/3452"}],"wp:attachment":[{"href":"https:\/\/brokerseguros.com.co\/site\/wp-json\/wp\/v2\/media?parent=2023"}],"curies":[{"name":"wp","href":"https:\/\/api.w.org\/{rel}","templated":true}]}}