{"id":101,"date":"2016-07-21T20:15:32","date_gmt":"2016-07-21T20:15:32","guid":{"rendered":"http:\/\/demo.hashthemes.com\/total\/?page_id=101"},"modified":"2025-06-19T19:52:39","modified_gmt":"2025-06-19T19:52:39","slug":"contacto","status":"publish","type":"page","link":"https:\/\/brokerseguros.com.co\/site\/contacto\/","title":{"rendered":"Contacto | Broker Seguros y Fianzas Colombia"},"content":{"rendered":"\t\t<div data-elementor-type=\"wp-page\" data-elementor-id=\"101\" class=\"elementor elementor-101\">\n\t\t\t\t<div class=\"elementor-element elementor-element-a99db6d e-flex e-con-boxed e-con e-parent\" data-id=\"a99db6d\" data-element_type=\"container\" data-settings=\"{&quot;background_background&quot;:&quot;slideshow&quot;,&quot;background_slideshow_gallery&quot;:[{&quot;id&quot;:3472,&quot;url&quot;:&quot;https:\\\/\\\/brokerseguros.com.co\\\/site\\\/wp-content\\\/uploads\\\/2025\\\/06\\\/contacto-2025-03.webp&quot;}],&quot;background_slideshow_loop&quot;:&quot;yes&quot;,&quot;background_slideshow_slide_duration&quot;:5000,&quot;background_slideshow_slide_transition&quot;:&quot;fade&quot;,&quot;background_slideshow_transition_duration&quot;:500}\">\n\t\t\t\t\t<div class=\"e-con-inner\">\n\t\t\t\t\t<\/div>\n\t\t\t\t<\/div>\n\t\t<div class=\"elementor-element elementor-element-df04c13 e-flex e-con-boxed e-con e-parent\" data-id=\"df04c13\" data-element_type=\"container\">\n\t\t\t\t\t<div class=\"e-con-inner\">\n\t\t<div class=\"elementor-element elementor-element-9db9dd9 e-transform e-con-full e-flex e-con e-child\" data-id=\"9db9dd9\" data-element_type=\"container\" data-settings=\"{&quot;background_background&quot;:&quot;gradient&quot;,&quot;_transform_scale_effect&quot;:{&quot;unit&quot;:&quot;px&quot;,&quot;size&quot;:1,&quot;sizes&quot;:[]},&quot;_transform_scale_effect_tablet&quot;:{&quot;unit&quot;:&quot;px&quot;,&quot;size&quot;:&quot;&quot;,&quot;sizes&quot;:[]},&quot;_transform_scale_effect_mobile&quot;:{&quot;unit&quot;:&quot;px&quot;,&quot;size&quot;:&quot;&quot;,&quot;sizes&quot;:[]}}\">\n\t\t<div class=\"elementor-element elementor-element-d695d57 e-con-full mascara e-flex elementor-invisible e-con e-child\" data-id=\"d695d57\" data-element_type=\"container\" data-settings=\"{&quot;background_background&quot;:&quot;classic&quot;,&quot;animation&quot;:&quot;bounceIn&quot;}\">\n\t\t\t\t<div class=\"elementor-element elementor-element-ca275f0 elementor-widget elementor-widget-image\" data-id=\"ca275f0\" data-element_type=\"widget\" data-widget_type=\"image.default\">\n\t\t\t\t<div class=\"elementor-widget-container\">\n\t\t\t\t\t\t\t\t\t\t\t\t\t\t\t<img decoding=\"async\" src=\"https:\/\/brokerseguros.com.co\/site\/wp-content\/uploads\/elementor\/thumbs\/rsfinal_Mesa-de-trabajo-1_Mesa-de-trabajo-1_Mesa-de-trabajo-1-r4r1930eg97mxaprhxz6rzhj0e6ef0vr2aj0jz82x2.jpg\" title=\"rsfinal_Mesa de trabajo 1_Mesa de trabajo 1_Mesa de trabajo 1\" alt=\"rsfinal_Mesa de trabajo 1_Mesa de trabajo 1_Mesa de trabajo 1\" loading=\"lazy\" \/>\t\t\t\t\t\t\t\t\t\t\t\t\t\t\t<\/div>\n\t\t\t\t<\/div>\n\t\t<div class=\"elementor-element elementor-element-6c4718e e-flex e-con-boxed e-con e-child\" data-id=\"6c4718e\" data-element_type=\"container\">\n\t\t\t\t\t<div class=\"e-con-inner\">\n\t\t\t\t<div class=\"elementor-element elementor-element-0ed6ab5 elementor-widget elementor-widget-text-editor\" data-id=\"0ed6ab5\" data-element_type=\"widget\" data-widget_type=\"text-editor.default\">\n\t\t\t\t<div class=\"elementor-widget-container\">\n\t\t\t\t\t\t\t\t\t<p>Accede a informaci\u00f3n clave y comparte tus comentarios a trav\u00e9s de nuestras redes sociales.<\/p><p>Habilitado 24 horas.<\/p>\t\t\t\t\t\t\t\t<\/div>\n\t\t\t\t<\/div>\n\t\t\t\t\t<\/div>\n\t\t\t\t<\/div>\n\t\t<div class=\"elementor-element elementor-element-161824a e-con-full e-flex e-con e-child\" data-id=\"161824a\" data-element_type=\"container\">\n\t\t\t\t<div class=\"elementor-element elementor-element-9bd8b54 elementor-align-center elementor-widget elementor-widget-button\" data-id=\"9bd8b54\" data-element_type=\"widget\" data-widget_type=\"button.default\">\n\t\t\t\t<div class=\"elementor-widget-container\">\n\t\t\t\t\t\t\t\t\t<div class=\"elementor-button-wrapper\">\n\t\t\t\t\t<a class=\"elementor-button elementor-button-link elementor-size-sm\" href=\"https:\/\/www.instagram.com\/brokersegurosyfianzas\/\">\n\t\t\t\t\t\t<span class=\"elementor-button-content-wrapper\">\n\t\t\t\t\t\t<span class=\"elementor-button-icon\">\n\t\t\t\t<i aria-hidden=\"true\" class=\"fab fa-instagram\"><\/i>\t\t\t<\/span>\n\t\t\t\t\t\t\t\t<\/span>\n\t\t\t\t\t<\/a>\n\t\t\t\t<\/div>\n\t\t\t\t\t\t\t\t<\/div>\n\t\t\t\t<\/div>\n\t\t\t\t<div class=\"elementor-element elementor-element-5c6069d elementor-align-center elementor-widget elementor-widget-button\" data-id=\"5c6069d\" data-element_type=\"widget\" data-widget_type=\"button.default\">\n\t\t\t\t<div class=\"elementor-widget-container\">\n\t\t\t\t\t\t\t\t\t<div class=\"elementor-button-wrapper\">\n\t\t\t\t\t<a class=\"elementor-button elementor-button-link elementor-size-sm\" href=\"https:\/\/brokerseguros.com.co\/site\/escuela-broker-de-contratacion-para-colombia\/\">\n\t\t\t\t\t\t<span class=\"elementor-button-content-wrapper\">\n\t\t\t\t\t\t<span class=\"elementor-button-icon\">\n\t\t\t\t<i aria-hidden=\"true\" class=\"fab fa-facebook-f\"><\/i>\t\t\t<\/span>\n\t\t\t\t\t\t\t\t<\/span>\n\t\t\t\t\t<\/a>\n\t\t\t\t<\/div>\n\t\t\t\t\t\t\t\t<\/div>\n\t\t\t\t<\/div>\n\t\t\t\t<div class=\"elementor-element elementor-element-563637a elementor-align-center elementor-widget elementor-widget-button\" data-id=\"563637a\" data-element_type=\"widget\" data-widget_type=\"button.default\">\n\t\t\t\t<div class=\"elementor-widget-container\">\n\t\t\t\t\t\t\t\t\t<div class=\"elementor-button-wrapper\">\n\t\t\t\t\t<a class=\"elementor-button elementor-button-link elementor-size-sm\" href=\"https:\/\/brokerseguros.com.co\/site\/escuela-broker-de-contratacion-para-colombia\/\">\n\t\t\t\t\t\t<span class=\"elementor-button-content-wrapper\">\n\t\t\t\t\t\t<span class=\"elementor-button-icon\">\n\t\t\t\t<i aria-hidden=\"true\" class=\"fab fa-linkedin-in\"><\/i>\t\t\t<\/span>\n\t\t\t\t\t\t\t\t<\/span>\n\t\t\t\t\t<\/a>\n\t\t\t\t<\/div>\n\t\t\t\t\t\t\t\t<\/div>\n\t\t\t\t<\/div>\n\t\t\t\t<\/div>\n\t\t\t\t<\/div>\n\t\t<div class=\"elementor-element elementor-element-2dcd208 e-con-full mascara e-flex elementor-invisible e-con e-child\" data-id=\"2dcd208\" data-element_type=\"container\" data-settings=\"{&quot;background_background&quot;:&quot;classic&quot;,&quot;animation&quot;:&quot;bounceIn&quot;}\">\n\t\t\t\t<div class=\"elementor-element elementor-element-3d137ce elementor-widget elementor-widget-image\" data-id=\"3d137ce\" data-element_type=\"widget\" data-widget_type=\"image.default\">\n\t\t\t\t<div class=\"elementor-widget-container\">\n\t\t\t\t\t\t\t\t\t\t\t\t\t\t\t<img decoding=\"async\" src=\"https:\/\/brokerseguros.com.co\/site\/wp-content\/uploads\/elementor\/thumbs\/wa-final-02-r4r1df1lyr5ai85jmfai4lp1nqnr1dab93def7g84q.jpg\" title=\"wa final-02\" alt=\"wa final-02\" loading=\"lazy\" \/>\t\t\t\t\t\t\t\t\t\t\t\t\t\t\t<\/div>\n\t\t\t\t<\/div>\n\t\t<div class=\"elementor-element elementor-element-35213c4 e-flex e-con-boxed e-con e-child\" data-id=\"35213c4\" data-element_type=\"container\">\n\t\t\t\t\t<div class=\"e-con-inner\">\n\t\t\t\t<div class=\"elementor-element elementor-element-373ed47 elementor-widget elementor-widget-text-editor\" data-id=\"373ed47\" data-element_type=\"widget\" data-widget_type=\"text-editor.default\">\n\t\t\t\t<div class=\"elementor-widget-container\">\n\t\t\t\t\t\t\t\t\t<p style=\"text-align: center;\">Una soluci\u00f3n integral de seguros que protege los proyectos, permiti\u00e9ndoles enfocarse en el \u00e9xito de sus obras con tranquilidad<\/p>\t\t\t\t\t\t\t\t<\/div>\n\t\t\t\t<\/div>\n\t\t\t\t<div class=\"elementor-element elementor-element-601546c elementor-align-center elementor-widget elementor-widget-button\" data-id=\"601546c\" data-element_type=\"widget\" data-widget_type=\"button.default\">\n\t\t\t\t<div class=\"elementor-widget-container\">\n\t\t\t\t\t\t\t\t\t<div class=\"elementor-button-wrapper\">\n\t\t\t\t\t<a class=\"elementor-button elementor-button-link elementor-size-sm\" href=\"https:\/\/wa.link\/vk3rpx\">\n\t\t\t\t\t\t<span class=\"elementor-button-content-wrapper\">\n\t\t\t\t\t\t\t\t\t<span class=\"elementor-button-text\">Conoce m\u00e1s aqu\u00ed<\/span>\n\t\t\t\t\t<\/span>\n\t\t\t\t\t<\/a>\n\t\t\t\t<\/div>\n\t\t\t\t\t\t\t\t<\/div>\n\t\t\t\t<\/div>\n\t\t\t\t\t<\/div>\n\t\t\t\t<\/div>\n\t\t\t\t<\/div>\n\t\t\t\t<\/div>\n\t\t\t\t\t<\/div>\n\t\t\t\t<\/div>\n\t\t<div class=\"elementor-element elementor-element-b2a5bdd e-flex e-con-boxed e-con e-parent\" data-id=\"b2a5bdd\" data-element_type=\"container\" data-settings=\"{&quot;background_background&quot;:&quot;classic&quot;}\">\n\t\t\t\t\t<div class=\"e-con-inner\">\n\t\t<div class=\"elementor-element elementor-element-8491d19 e-con-full e-flex e-con e-child\" data-id=\"8491d19\" data-element_type=\"container\" data-settings=\"{&quot;background_background&quot;:&quot;classic&quot;}\">\n\t\t<div class=\"elementor-element elementor-element-dc78ed4 e-flex e-con-boxed e-con e-child\" data-id=\"dc78ed4\" data-element_type=\"container\" data-settings=\"{&quot;background_background&quot;:&quot;classic&quot;}\">\n\t\t\t\t\t<div class=\"e-con-inner\">\n\t\t\t\t<div class=\"elementor-element elementor-element-c945a12 elementor-invisible elementor-widget elementor-widget-image\" data-id=\"c945a12\" data-element_type=\"widget\" data-settings=\"{&quot;_animation&quot;:&quot;zoomIn&quot;,&quot;_animation_delay&quot;:1}\" data-widget_type=\"image.default\">\n\t\t\t\t<div class=\"elementor-widget-container\">\n\t\t\t\t\t\t\t\t\t\t\t\t\t\t\t\t<a href=\"https:\/\/www.facebook.com\/profile.php?id=100082827447489&#038;locale=es_LA\">\n\t\t\t\t\t\t\t<img decoding=\"async\" src=\"https:\/\/brokerseguros.com.co\/site\/wp-content\/uploads\/elementor\/thumbs\/FB-03-quvcjqlplg0e26pv70oqphw4ncccok32bv9wpia47k.png\" title=\"Facebook Broker Seguros\" alt=\"Facebook Broker Seguros\" loading=\"lazy\" \/>\t\t\t\t\t\t\t\t<\/a>\n\t\t\t\t\t\t\t\t\t\t\t\t\t\t\t<\/div>\n\t\t\t\t<\/div>\n\t\t\t\t<div class=\"elementor-element elementor-element-1696b40 elementor-invisible elementor-widget elementor-widget-image\" data-id=\"1696b40\" data-element_type=\"widget\" data-settings=\"{&quot;_animation&quot;:&quot;zoomIn&quot;,&quot;_animation_delay&quot;:1}\" data-widget_type=\"image.default\">\n\t\t\t\t<div class=\"elementor-widget-container\">\n\t\t\t\t\t\t\t\t\t\t\t\t\t\t\t\t<a href=\"https:\/\/www.instagram.com\/brokersegurosyfianzas\/\">\n\t\t\t\t\t\t\t<img decoding=\"async\" src=\"https:\/\/brokerseguros.com.co\/site\/wp-content\/uploads\/elementor\/thumbs\/IG_Mesa-de-trabajo-1-quvcjud2cs5jcmkel2b8zgxz0vttjchzodvumm4jio.png\" title=\"Broker Seguros y Fianzas Instagram\" alt=\"Broker Seguros y Fianzas Instagram\" loading=\"lazy\" \/>\t\t\t\t\t\t\t\t<\/a>\n\t\t\t\t\t\t\t\t\t\t\t\t\t\t\t<\/div>\n\t\t\t\t<\/div>\n\t\t\t\t<div class=\"elementor-element elementor-element-41259d3 elementor-invisible elementor-widget elementor-widget-image\" data-id=\"41259d3\" data-element_type=\"widget\" data-settings=\"{&quot;_animation&quot;:&quot;zoomIn&quot;,&quot;_animation_delay&quot;:1}\" data-widget_type=\"image.default\">\n\t\t\t\t<div class=\"elementor-widget-container\">\n\t\t\t\t\t\t\t\t\t\t\t\t\t\t\t\t<a href=\"https:\/\/www.linkedin.com\/company\/broker-seguros-y-fianzas\/\">\n\t\t\t\t\t\t\t<img decoding=\"async\" src=\"https:\/\/brokerseguros.com.co\/site\/wp-content\/uploads\/elementor\/thumbs\/IN-02-quvcjz29aybyyodktmcdtxr9zt6nlu0nd15a0zxknk.png\" title=\"Broker Seguros y Fianzas Linked In\" alt=\"Broker Seguros y Fianzas Linked In\" loading=\"lazy\" \/>\t\t\t\t\t\t\t\t<\/a>\n\t\t\t\t\t\t\t\t\t\t\t\t\t\t\t<\/div>\n\t\t\t\t<\/div>\n\t\t\t\t\t<\/div>\n\t\t\t\t<\/div>\n\t\t\t\t<\/div>\n\t\t\t\t\t<\/div>\n\t\t\t\t<\/div>\n\t\t<div class=\"elementor-element elementor-element-48a9b35 e-flex e-con-boxed e-con e-parent\" data-id=\"48a9b35\" data-element_type=\"container\" data-settings=\"{&quot;background_background&quot;:&quot;classic&quot;}\">\n\t\t\t\t\t<div class=\"e-con-inner\">\n\t\t<div class=\"elementor-element elementor-element-33ddbf0 e-con-full e-flex e-con e-child\" data-id=\"33ddbf0\" data-element_type=\"container\" data-settings=\"{&quot;background_background&quot;:&quot;classic&quot;}\">\n\t\t\t\t<div class=\"elementor-element elementor-element-9f3a8ea elementor-widget elementor-widget-menu-anchor\" data-id=\"9f3a8ea\" data-element_type=\"widget\" data-widget_type=\"menu-anchor.default\">\n\t\t\t\t<div class=\"elementor-widget-container\">\n\t\t\t\t\t\t\t<div class=\"elementor-menu-anchor\" id=\"contacto\"><\/div>\n\t\t\t\t\t\t<\/div>\n\t\t\t\t<\/div>\n\t\t<div class=\"elementor-element elementor-element-eeb1c88 e-flex e-con-boxed e-con e-child\" data-id=\"eeb1c88\" data-element_type=\"container\" data-settings=\"{&quot;background_background&quot;:&quot;classic&quot;}\">\n\t\t\t\t\t<div class=\"e-con-inner\">\n\t\t<div class=\"elementor-element elementor-element-7215920 e-flex e-con-boxed e-con e-child\" data-id=\"7215920\" data-element_type=\"container\" data-settings=\"{&quot;background_background&quot;:&quot;classic&quot;}\">\n\t\t\t\t\t<div class=\"e-con-inner\">\n\t\t\t\t<div class=\"elementor-element elementor-element-ae53966 elementor-widget elementor-widget-heading\" data-id=\"ae53966\" data-element_type=\"widget\" data-widget_type=\"heading.default\">\n\t\t\t\t<div class=\"elementor-widget-container\">\n\t\t\t\t\t<h2 class=\"elementor-heading-title elementor-size-default\">Contacto<\/h2>\t\t\t\t<\/div>\n\t\t\t\t<\/div>\n\t\t\t\t\t<\/div>\n\t\t\t\t<\/div>\n\t\t\t\t<div class=\"elementor-element elementor-element-fd38ec4 elementor-widget elementor-widget-text-editor\" data-id=\"fd38ec4\" data-element_type=\"widget\" data-widget_type=\"text-editor.default\">\n\t\t\t\t<div class=\"elementor-widget-container\">\n\t\t\t\t\t\t\t\t\t<p style=\"text-align: center;\"><span class=\"OYPEnA font-feature-liga-off font-feature-clig-off font-feature-calt-off text-decoration-none text-strikethrough-none\">+57 315 5507182<\/span><\/p><p style=\"text-align: center;\"><span class=\"OYPEnA font-feature-liga-off font-feature-clig-off font-feature-calt-off text-decoration-none text-strikethrough-none\">marketing@brokerseguros.com.co<\/span><\/p><p style=\"text-align: center;\"><span class=\"OYPEnA font-feature-liga-off font-feature-clig-off font-feature-calt-off text-decoration-none text-strikethrough-none\">www.brokerseguros.com.co<\/span><\/p><p class=\"cvGsUA direction-ltr align-center para-style-body\" style=\"text-align: center;\"><span class=\"OYPEnA font-feature-liga-off font-feature-clig-off font-feature-calt-off text-decoration-none text-strikethrough-none\">Lunes a viernes<\/span><\/p><p class=\"cvGsUA direction-ltr align-center para-style-body\" style=\"text-align: center;\"><span class=\"OYPEnA font-feature-liga-off font-feature-clig-off font-feature-calt-off text-decoration-none text-strikethrough-none\">7:30 am &#8211; 5:30 pm<\/span><\/p>\t\t\t\t\t\t\t\t<\/div>\n\t\t\t\t<\/div>\n\t\t\t\t\t<\/div>\n\t\t\t\t<\/div>\n\t\t\t\t<\/div>\n\t\t\t\t\t<\/div>\n\t\t\t\t<\/div>\n\t\t<div class=\"elementor-element elementor-element-bc21ab6 elementor-hidden-desktop elementor-hidden-tablet elementor-hidden-mobile e-flex e-con-boxed e-con e-parent\" data-id=\"bc21ab6\" data-element_type=\"container\">\n\t\t\t\t\t<div class=\"e-con-inner\">\n\t\t<div class=\"elementor-element elementor-element-75655d2 e-con-full e-flex e-con e-child\" data-id=\"75655d2\" data-element_type=\"container\">\n\t\t<div class=\"elementor-element elementor-element-39f1757 e-con-full caja-contacto e-flex e-con e-child\" data-id=\"39f1757\" data-element_type=\"container\" data-settings=\"{&quot;background_background&quot;:&quot;classic&quot;}\">\n\t\t\t\t<div class=\"elementor-element elementor-element-7f62ea6 redes-sociales-card elementor-widget elementor-widget-html\" data-id=\"7f62ea6\" data-element_type=\"widget\" data-widget_type=\"html.default\">\n\t\t\t\t<div class=\"elementor-widget-container\">\n\t\t\t\t\t<style>\r\n\/* Estilos base: se mantienen para todas las cajas *\/\r\n.contact-card {\r\n  color: white;\r\n  padding: 2rem;\r\n  border-radius: 15px;\r\n  box-shadow: 0 4px 6px rgba(0,0,0,0.1);\r\n  transition: all 0.3s ease;\r\n  position: relative;\r\n  overflow: hidden;\r\n  min-height: 350px;\r\n  text-align: center;\r\n  background-color: #0057A0; \/* Fondo azul al hacer hover *\/\r\n}\r\n\r\n\/* Imagen de fondo com\u00fan, pero espec\u00edfica por caja *\/\r\n.contact-card::before {\r\n  content: \"\";\r\n  position: absolute;\r\n  top: 0; left: 0;\r\n  width: 100%;\r\n  height: 100%;\r\n  background-size: cover;\r\n  background-position: center;\r\n  opacity: 1;\r\n  transition: opacity 0.4s ease;\r\n  z-index: 1;\r\n}\r\n\r\n\r\n\r\n\/* Fondo espec\u00edfico para Redes Sociales *\/\r\n.contact-card.redes-sociales-card::before {\r\n  background-image: url(https:\/\/brokerseguros.com.co\/site\/wp-content\/uploads\/2025\/04\/rrss-final_Mesa-de-trabajo-1_Mesa-de-trabajo-1.png);\r\n}\r\n\r\n\/* Al hacer hover, se desvanece la imagen de fondo *\/\r\n.contact-card:hover::before {\r\n  opacity: 0;\r\n}\r\n\r\n\/* Contenido por encima del fondo *\/\r\n.contact-card h2,\r\n.contact-card .hover-text,\r\n.contact-card .social-icons {\r\n  position: relative;\r\n  z-index: 2;\r\n  transition: all 0.3s ease;\r\n}\r\n\r\n\/* Ocultar el t\u00edtulo por defecto *\/\r\n.contact-card h2 {\r\n  opacity: 0;\r\n  transform: translateY(20px);\r\n}\r\n\r\n\/* Mostrar t\u00edtulo al pasar el cursor *\/\r\n.contact-card:hover h2 {\r\n  opacity: 1;\r\n  transform: translateY(0);\r\n}\r\n\r\n\/* Texto oculto inicialmente *\/\r\n.contact-card .hover-text,\r\n.contact-card .social-icons {\r\n  opacity: 0;\r\n  transform: translateY(20px);\r\n  font-size: 0.9rem;\r\n  margin-top: 1rem;\r\n}\r\n\r\n\/* Mostrar texto al pasar el cursor *\/\r\n.contact-card:hover .hover-text,\r\n.contact-card:hover .social-icons {\r\n  opacity: 1;\r\n  transform: translateY(0);\r\n}\r\n\r\n\/* \u00cdconos de redes sociales *\/\r\n.social-icons {\r\n  margin-top: 1rem;\r\n}\r\n\r\n.social-icons a {\r\n  margin: 0 5px;\r\n  display: inline-block;\r\n}\r\n\r\n.social-icons img {\r\n  width: 30px;\r\n  height: 30px;\r\n  filter: brightness(0) invert(1);\r\n  transition: transform 0.3s ease;\r\n}\r\n\r\n.social-icons img:hover {\r\n  transform: scale(1.2);\r\n}\r\n<\/style>\r\n\r\n\r\n  <div class=\"contact-card redes-sociales-card\">\r\n  <h2>Redes Sociales<\/h2>\r\n\r\n  <p class=\"hover-text\">\r\n    Accede a informaci\u00f3n clave y comparte tus comentarios a trav\u00e9s de nuestras redes sociales.<br>\r\n    Habilitado 24 horas. Gesti\u00f3n lunes a domingo de 7:30 a.m. a 5:30 p.m.\r\n  <\/p>\r\n\r\n  <div class=\"social-icons\">\r\n    <a href=\"https:\/\/www.facebook.com\/profile.php?id=100082827447489\" target=\"_blank\">\r\n      <img decoding=\"async\" src=\"https:\/\/cdn-icons-png.flaticon.com\/512\/733\/733547.png\" alt=\"Facebook\" \/>\r\n    <\/a>\r\n    <a href=\"https:\/\/www.instagram.com\/brokersegurosyfianzas\/\" target=\"_blank\">\r\n      <img decoding=\"async\" src=\"https:\/\/cdn-icons-png.flaticon.com\/512\/733\/733558.png\" alt=\"Instagram\" \/>\r\n    <\/a>\r\n    <a href=\"https:\/\/co.linkedin.com\/company\/broker-seguros-y-fianzas\" target=\"_blank\">\r\n      <img decoding=\"async\" src=\"https:\/\/cdn-icons-png.flaticon.com\/512\/733\/733561.png\" alt=\"LinkedIn\" \/>\r\n    <\/a>\r\n  <\/div>\t\t\t\t<\/div>\n\t\t\t\t<\/div>\n\t\t\t\t<\/div>\n\t\t<div class=\"elementor-element elementor-element-c1aae10 e-con-full caja-contacto e-flex e-con e-child\" data-id=\"c1aae10\" data-element_type=\"container\" data-settings=\"{&quot;background_background&quot;:&quot;classic&quot;}\">\n\t\t\t\t<div class=\"elementor-element elementor-element-93197e5 elementor-widget elementor-widget-html\" data-id=\"93197e5\" data-element_type=\"widget\" data-widget_type=\"html.default\">\n\t\t\t\t<div class=\"elementor-widget-container\">\n\t\t\t\t\t<style>\r\n\/* Estilos base del contenedor *\/\r\n.contact-card {\r\n  color: white;\r\n  padding: 2rem;\r\n  border-radius: 15px;\r\n  box-shadow: 0 4px 6px rgba(0,0,0,0.1);\r\n  transition: all 0.3s ease;\r\n  position: relative;\r\n  overflow: hidden;\r\n  min-height: 320px;\r\n  text-align: center;\r\n  background-color: #00AEEF;\r\n}\r\n\r\n\/* Fondo por defecto *\/\r\n.contact-card::before {\r\n  content: \"\";\r\n  position: absolute;\r\n  top: 0; left: 0;\r\n  width: 100%;\r\n  height: 100%;\r\n  background-image: url(https:\/\/brokerseguros.com.co\/site\/wp-content\/uploads\/2025\/04\/whatsapp-final-02-02.png);\r\n  background-size: cover;\r\n  background-position: center;\r\n  opacity: 1;\r\n  transition: opacity 0.4s ease;\r\n  z-index: 1;\r\n}\r\n\r\n\/* Al hacer hover, la imagen se desvanece *\/\r\n.contact-card:hover::before {\r\n  opacity: 0;\r\n}\r\n\r\n\/* Contenido encima del fondo *\/\r\n.contact-card h2,\r\n.contact-card .hover-text,\r\n.contact-card .social-icons {\r\n  position: relative;\r\n  z-index: 2;\r\n}\r\n\r\n\/* Animaci\u00f3n de aparici\u00f3n *\/\r\n.contact-card h2 {\r\n  font-size: 1.5rem;\r\n  margin: 0;\r\n  opacity: 0;\r\n  transform: translateY(20px);\r\n  transition: all 0.3s ease;\r\n}\r\n\r\n.contact-card:hover h2 {\r\n  opacity: 1;\r\n  transform: translateY(0);\r\n}\r\n\r\n\/* Texto que aparece al hacer hover *\/\r\n.contact-card .hover-text,\r\n.contact-card .social-icons {\r\n  opacity: 0;\r\n  transform: translateY(20px);\r\n  transition: all 0.3s ease;\r\n  font-size: 0.95rem;\r\n  margin-top: 1rem;\r\n}\r\n\r\n\/* Mostrar el texto y los \u00edconos en hover *\/\r\n.contact-card:hover .hover-text,\r\n.contact-card:hover .social-icons {\r\n  opacity: 1;\r\n  transform: translateY(0);\r\n}\r\n<\/style>\r\n\r\n<div class=\"contact-card\">\r\n  <h2>WhatsApp<\/h2>\r\n  <p class=\"hover-text\">\r\n    Comun\u00edcate con nosotros y realiza diferentes procesos desde el lugar en el que te encuentres. Gesti\u00f3n lunes a viernes de 7:30 a.m. a 5:30 p.m.\r\n  <\/p>\r\n  <div style=\"background-color: 0; padding: 10px; border-radius: 10px; color: white; text-align: center;\">\r\n    <a \r\n      href=\"https:\/\/wa.link\/vk3rpx\" \r\n      target=\"_blank\" \r\n      style=\"display: inline-block; padding: 2px 10px; color: #ffffff; border: 2px solid #ffffff; border-radius: 20px; text-decoration: none; font-weight: bold; transition: background 0.3s;\"\r\n      onmouseover=\"this.style.background='white'; this.style.color='#00AEEF'\"\r\n      onmouseout=\"this.style.background='transparent'; this.style.color='white'\"\r\n    >\r\n      CHAT DE WHATSAPP\r\n    <\/a>\r\n  <\/div>\r\n<\/div>\r\n\t\t\t\t<\/div>\n\t\t\t\t<\/div>\n\t\t\t\t<\/div>\n\t\t\t\t<\/div>\n\t\t\t\t\t<\/div>\n\t\t\t\t<\/div>\n\t\t\t\t<\/div>\n\t\t","protected":false},"excerpt":{"rendered":"<p>Accede a informaci\u00f3n clave y comparte tus comentarios a trav\u00e9s de nuestras redes sociales. Habilitado 24 horas. Una soluci\u00f3n integral de seguros que protege los proyectos, permiti\u00e9ndoles enfocarse en el \u00e9xito de sus obras con tranquilidad Conoce m\u00e1s aqu\u00ed Contacto +57 315 5507182 marketing@brokerseguros.com.co www.brokerseguros.com.co Lunes a viernes 7:30 am &#8211; 5:30 pm Redes Sociales [&hellip;]<\/p>\n","protected":false},"author":1,"featured_media":0,"parent":0,"menu_order":0,"comment_status":"closed","ping_status":"closed","template":"elementor_header_footer","meta":{"om_disable_all_campaigns":false,"_eb_attr":"","_monsterinsights_skip_tracking":false,"_monsterinsights_sitenote_active":false,"_monsterinsights_sitenote_note":"","_monsterinsights_sitenote_category":0,"_uf_show_specific_survey":0,"_uf_disable_surveys":false,"footnotes":""},"class_list":["post-101","page","type-page","status-publish","hentry"],"aioseo_notices":[],"_links":{"self":[{"href":"https:\/\/brokerseguros.com.co\/site\/wp-json\/wp\/v2\/pages\/101","targetHints":{"allow":["GET"]}}],"collection":[{"href":"https:\/\/brokerseguros.com.co\/site\/wp-json\/wp\/v2\/pages"}],"about":[{"href":"https:\/\/brokerseguros.com.co\/site\/wp-json\/wp\/v2\/types\/page"}],"author":[{"embeddable":true,"href":"https:\/\/brokerseguros.com.co\/site\/wp-json\/wp\/v2\/users\/1"}],"replies":[{"embeddable":true,"href":"https:\/\/brokerseguros.com.co\/site\/wp-json\/wp\/v2\/comments?post=101"}],"version-history":[{"count":162,"href":"https:\/\/brokerseguros.com.co\/site\/wp-json\/wp\/v2\/pages\/101\/revisions"}],"predecessor-version":[{"id":3481,"href":"https:\/\/brokerseguros.com.co\/site\/wp-json\/wp\/v2\/pages\/101\/revisions\/3481"}],"wp:attachment":[{"href":"https:\/\/brokerseguros.com.co\/site\/wp-json\/wp\/v2\/media?parent=101"}],"curies":[{"name":"wp","href":"https:\/\/api.w.org\/{rel}","templated":true}]}}